{"id":61,"date":"2024-05-22T14:11:13","date_gmt":"2024-05-22T17:11:13","guid":{"rendered":"https:\/\/sapienciadodigital.com.br\/blog\/?page_id=61"},"modified":"2025-05-23T13:14:25","modified_gmt":"2025-05-23T16:14:25","slug":"area-de-membros","status":"publish","type":"page","link":"https:\/\/sapienciadodigital.com.br\/blog\/area-de-membros\/","title":{"rendered":"\u00c1rea de Membros"},"content":{"rendered":"\n<p class=\"has-text-align-center\" style=\"font-size:21px\"><strong><mark style=\"background-color:rgba(0, 0, 0, 0);color:#0d00dd\" class=\"has-inline-color\">O que \u00e9 nossa \u00c1rea de Membros Exclusiva para <\/mark><mark style=\"background-color:rgba(0, 0, 0, 0);color:#0812c1\" class=\"has-inline-color\">alunos e colaboradores<\/mark><\/strong><\/p>\n\n\n\n<p class=\"has-text-align-center\"><strong>Nossa \u00c1rea de Membros \u00e9 um espa\u00e7o dedicado aos nossos alunos onde voc\u00ea ter\u00e1 acesso a diversos materiais e treinamentos ligados ao marketing digital, vendas online, t\u00e9cnicas de estudo, tr\u00e1fego pago e diversos outros assuntos relevantes para torna-lo um profissional completo<\/strong>.<\/p>\n\n\n<div class=\"wp-block-image\">\n<figure class=\"aligncenter size-full is-resized\"><img loading=\"lazy\" decoding=\"async\" width=\"685\" height=\"682\" src=\"https:\/\/sapienciadodigital.com.br\/blog\/wp-content\/uploads\/2024\/05\/homem-play.png\" alt=\"\" class=\"wp-image-95\" style=\"width:300px\" srcset=\"https:\/\/sapienciadodigital.com.br\/blog\/wp-content\/uploads\/2024\/05\/homem-play.png 685w, https:\/\/sapienciadodigital.com.br\/blog\/wp-content\/uploads\/2024\/05\/homem-play-300x300.png 300w, https:\/\/sapienciadodigital.com.br\/blog\/wp-content\/uploads\/2024\/05\/homem-play-150x150.png 150w\" sizes=\"(max-width: 685px) 100vw, 685px\" \/><\/figure><\/div>\n\n\n<p class=\"has-text-align-center\" style=\"font-size:21px\"><mark style=\"background-color:rgba(0, 0, 0, 0);color:#0d00dd\" class=\"has-inline-color\"><strong>Como voc\u00ea pode virar membro exclusivo:<\/strong><\/mark><\/p>\n\n\n\n<p class=\"has-text-align-center\"><strong>Na compra de qualquer treinamento selecionado pela Sapi\u00eancia do Digital, voc\u00ea ganhar\u00e1 a um passo de e-mail, um acesso mensal  a nossa \u00c1rea de Membros e todo o conte\u00fado que se encontra nela.<\/strong><\/p>\n\n\n\n<p class=\"has-text-align-center\"><strong>Basta voc\u00ea enviar uma mensagem solicitando o seu acesso para o e-mail contato@sapi\u00eanciadodigital.com.br At\u00e9 48h vamos lhe responder com o seu acesso de membros exclusivo.<\/strong><\/p>\n\n\n\n<p class=\"has-text-align-center\" style=\"font-size:21px\"><mark style=\"background-color:rgba(0, 0, 0, 0);color:#0d00dd\" class=\"has-inline-color\"><strong>Quais as Vantagens de se tornar Membro:<\/strong><\/mark><\/p>\n\n\n\n<p class=\"has-text-align-center\"><strong>Voc\u00ea receber\u00e1 o acesso a diversos materiais extras como Artigos, Livros Digitais e Treinamentos sobre assuntos que envolvem o marketing digital, vendas online, t\u00e9cnicas de estudo, tr\u00e1fego pago e muito mais. Com estes materiais, voc\u00ea vai se tornar um profissional muito mais completo.<\/strong><\/p>\n\n\n\n<p class=\"has-text-align-center\" style=\"font-size:18px\"><\/p>\n\n\n\n<p class=\"has-text-align-center\" style=\"font-size:19px;text-decoration:underline\"><mark style=\"background-color:rgba(0, 0, 0, 0);color:#0d00dd\" class=\"has-inline-color\"><strong><a href=\"https:\/\/sapienciadodigital.com.br\/index.php\/area-de-membros\/\">Confira Aqui mais detalhes sobre os materiais que voc\u00ea vai receber<\/a><\/strong><\/mark><\/p>\n\n\n<div class=\"wp-block-image\">\n<figure class=\"aligncenter size-full is-resized\"><img loading=\"lazy\" decoding=\"async\" width=\"512\" height=\"512\" src=\"https:\/\/sapienciadodigital.com.br\/blog\/wp-content\/uploads\/2024\/05\/cropped-Design-sem-nome-9.png\" alt=\"\" class=\"wp-image-21\" style=\"width:188px\" srcset=\"https:\/\/sapienciadodigital.com.br\/blog\/wp-content\/uploads\/2024\/05\/cropped-Design-sem-nome-9.png 512w, https:\/\/sapienciadodigital.com.br\/blog\/wp-content\/uploads\/2024\/05\/cropped-Design-sem-nome-9-300x300.png 300w, https:\/\/sapienciadodigital.com.br\/blog\/wp-content\/uploads\/2024\/05\/cropped-Design-sem-nome-9-150x150.png 150w, https:\/\/sapienciadodigital.com.br\/blog\/wp-content\/uploads\/2024\/05\/cropped-Design-sem-nome-9-270x270.png 270w, https:\/\/sapienciadodigital.com.br\/blog\/wp-content\/uploads\/2024\/05\/cropped-Design-sem-nome-9-192x192.png 192w, https:\/\/sapienciadodigital.com.br\/blog\/wp-content\/uploads\/2024\/05\/cropped-Design-sem-nome-9-180x180.png 180w, https:\/\/sapienciadodigital.com.br\/blog\/wp-content\/uploads\/2024\/05\/cropped-Design-sem-nome-9-32x32.png 32w\" sizes=\"(max-width: 512px) 100vw, 512px\" \/><\/figure><\/div>\n\n\n<p class=\"has-text-align-center\" style=\"font-size:20px\"><mark style=\"background-color:rgba(0, 0, 0, 0);color:#0d00dd\" class=\"has-inline-color\"><strong>Se voc\u00ea ficou com alguma d\u00favida, fale conosco!<\/strong><\/mark><\/p>\n\n\n\n<p class=\"has-text-align-center\" style=\"font-size:17px\"><strong>Mande um e-mail para contato@sapienciadodigital.com.br <\/strong><\/p>\n\n\n\n<p class=\"has-text-align-center\" style=\"font-size:18px\"><strong>Ou se preferir, <a href=\"https:\/\/api.whatsapp.com\/send?phone=5551993491460&amp;text=Ol%C3%A1!%20Gostaria%20de%20saber%20mais%20informa%C3%A7%C3%B5es%20sobre%20os%20treinamentos.\">CLIQUE AQUI<\/a> para entrar em contato pelo WhatsApp<\/strong><\/p>\n","protected":false},"excerpt":{"rendered":"<p>O que \u00e9 nossa \u00c1rea de Membros Exclusiva para alunos e colaboradores Nossa \u00c1rea de Membros \u00e9 um espa\u00e7o dedicado aos nossos alunos onde voc\u00ea ter\u00e1 acesso a diversos materiais e treinamentos ligados ao marketing digital, vendas online, t\u00e9cnicas de estudo, tr\u00e1fego pago e diversos outros assuntos relevantes para torna-lo [&hellip;]<\/p>\n","protected":false},"author":1,"featured_media":0,"parent":0,"menu_order":0,"comment_status":"closed","ping_status":"closed","template":"","meta":{"footnotes":""},"acf":[],"yoast_head":"<!-- This site is optimized with the Yoast SEO plugin v23.4 - https:\/\/yoast.com\/wordpress\/plugins\/seo\/ -->\n<title>\u00c1rea de Membros - Blog Sapiencia do Digital<\/title>\n<meta name=\"robots\" content=\"index, follow, max-snippet:-1, max-image-preview:large, max-video-preview:-1\" \/>\n<link rel=\"canonical\" href=\"https:\/\/sapienciadodigital.com.br\/blog\/area-de-membros\/\" \/>\n<meta property=\"og:locale\" content=\"en_US\" \/>\n<meta property=\"og:type\" content=\"article\" \/>\n<meta property=\"og:title\" content=\"\u00c1rea de Membros - Blog Sapiencia do Digital\" \/>\n<meta property=\"og:description\" content=\"O que \u00e9 nossa \u00c1rea de Membros Exclusiva para alunos e colaboradores Nossa \u00c1rea de Membros \u00e9 um espa\u00e7o dedicado aos nossos alunos onde voc\u00ea ter\u00e1 acesso a diversos materiais e treinamentos ligados ao marketing digital, vendas online, t\u00e9cnicas de estudo, tr\u00e1fego pago e diversos outros assuntos relevantes para torna-lo [&hellip;]\" \/>\n<meta property=\"og:url\" content=\"https:\/\/sapienciadodigital.com.br\/blog\/area-de-membros\/\" \/>\n<meta property=\"og:site_name\" content=\"Blog Sapiencia do Digital\" \/>\n<meta property=\"article:publisher\" content=\"https:\/\/www.facebook.com\/Sapienciadodigital\" \/>\n<meta property=\"article:modified_time\" content=\"2025-05-23T16:14:25+00:00\" \/>\n<meta property=\"og:image\" content=\"https:\/\/sapienciadodigital.com.br\/blog\/wp-content\/uploads\/2024\/05\/homem-play.png\" \/>\n<meta name=\"twitter:card\" content=\"summary_large_image\" \/>\n<meta name=\"twitter:label1\" content=\"Est. reading time\" \/>\n\t<meta name=\"twitter:data1\" content=\"2 minutes\" \/>\n<script type=\"application\/ld+json\" class=\"yoast-schema-graph\">{\"@context\":\"https:\/\/schema.org\",\"@graph\":[{\"@type\":\"WebPage\",\"@id\":\"https:\/\/sapienciadodigital.com.br\/blog\/area-de-membros\/\",\"url\":\"https:\/\/sapienciadodigital.com.br\/blog\/area-de-membros\/\",\"name\":\"\u00c1rea de Membros - Blog Sapiencia do Digital\",\"isPartOf\":{\"@id\":\"https:\/\/sapienciadodigital.com.br\/blog\/#website\"},\"primaryImageOfPage\":{\"@id\":\"https:\/\/sapienciadodigital.com.br\/blog\/area-de-membros\/#primaryimage\"},\"image\":{\"@id\":\"https:\/\/sapienciadodigital.com.br\/blog\/area-de-membros\/#primaryimage\"},\"thumbnailUrl\":\"https:\/\/sapienciadodigital.com.br\/blog\/wp-content\/uploads\/2024\/05\/homem-play.png\",\"datePublished\":\"2024-05-22T17:11:13+00:00\",\"dateModified\":\"2025-05-23T16:14:25+00:00\",\"breadcrumb\":{\"@id\":\"https:\/\/sapienciadodigital.com.br\/blog\/area-de-membros\/#breadcrumb\"},\"inLanguage\":\"en-US\",\"potentialAction\":[{\"@type\":\"ReadAction\",\"target\":[\"https:\/\/sapienciadodigital.com.br\/blog\/area-de-membros\/\"]}]},{\"@type\":\"ImageObject\",\"inLanguage\":\"en-US\",\"@id\":\"https:\/\/sapienciadodigital.com.br\/blog\/area-de-membros\/#primaryimage\",\"url\":\"https:\/\/sapienciadodigital.com.br\/blog\/wp-content\/uploads\/2024\/05\/homem-play.png\",\"contentUrl\":\"https:\/\/sapienciadodigital.com.br\/blog\/wp-content\/uploads\/2024\/05\/homem-play.png\",\"width\":685,\"height\":682},{\"@type\":\"BreadcrumbList\",\"@id\":\"https:\/\/sapienciadodigital.com.br\/blog\/area-de-membros\/#breadcrumb\",\"itemListElement\":[{\"@type\":\"ListItem\",\"position\":1,\"name\":\"In\u00edcio\",\"item\":\"https:\/\/sapienciadodigital.com.br\/blog\/\"},{\"@type\":\"ListItem\",\"position\":2,\"name\":\"\u00c1rea de Membros\"}]},{\"@type\":\"WebSite\",\"@id\":\"https:\/\/sapienciadodigital.com.br\/blog\/#website\",\"url\":\"https:\/\/sapienciadodigital.com.br\/blog\/\",\"name\":\"Blog Sapiencia do Digital\",\"description\":\"Torne-se um mestre do sucesso online e pessoal com nosso blog dedicado a tr\u00eas pilares essenciais do digital: Marketing Digital, Vendas Online e Desenvolvimento Pessoal. Descubra estrat\u00e9gias comprovadas para impulsionar sua presen\u00e7a na web, aumentar suas vendas e aprimorar suas habilidades pessoais. Voc\u00ea vai aprender estrat\u00e9gias de vendas nas redes sociais e sites, otimiza\u00e7\u00e3o de SEO, Copywriting, Branding, tr\u00e1fego pago, t\u00e9cnicas de estudo, e-mail marketing, mercado de afilia\u00e7\u00e3o, e muito mais.Navegue por artigos especializados, dicas pr\u00e1ticas e insights valiosos para alcan\u00e7ar seus objetivos de forma eficaz. Junte-se a n\u00f3s enquanto exploramos o universo do crescimento pessoal e profissional. Seja bem-vindo ao seu guia definitivo para o sucesso digital e pessoal.\",\"publisher\":{\"@id\":\"https:\/\/sapienciadodigital.com.br\/blog\/#organization\"},\"potentialAction\":[{\"@type\":\"SearchAction\",\"target\":{\"@type\":\"EntryPoint\",\"urlTemplate\":\"https:\/\/sapienciadodigital.com.br\/blog\/?s={search_term_string}\"},\"query-input\":{\"@type\":\"PropertyValueSpecification\",\"valueRequired\":true,\"valueName\":\"search_term_string\"}}],\"inLanguage\":\"en-US\"},{\"@type\":\"Organization\",\"@id\":\"https:\/\/sapienciadodigital.com.br\/blog\/#organization\",\"name\":\"Sapi\u00eancia do Digital\",\"url\":\"https:\/\/sapienciadodigital.com.br\/blog\/\",\"logo\":{\"@type\":\"ImageObject\",\"inLanguage\":\"en-US\",\"@id\":\"https:\/\/sapienciadodigital.com.br\/blog\/#\/schema\/logo\/image\/\",\"url\":\"https:\/\/sapienciadodigital.com.br\/blog\/wp-content\/uploads\/2024\/05\/cropped-Logo-sem-fundo.png\",\"contentUrl\":\"https:\/\/sapienciadodigital.com.br\/blog\/wp-content\/uploads\/2024\/05\/cropped-Logo-sem-fundo.png\",\"width\":306,\"height\":148,\"caption\":\"Sapi\u00eancia do Digital\"},\"image\":{\"@id\":\"https:\/\/sapienciadodigital.com.br\/blog\/#\/schema\/logo\/image\/\"},\"sameAs\":[\"https:\/\/www.facebook.com\/Sapienciadodigital\",\"https:\/\/www.instagram.com\/sapienciadodigital\/\"]}]}<\/script>\n<!-- \/ Yoast SEO plugin. -->","yoast_head_json":{"title":"\u00c1rea de Membros - Blog Sapiencia do Digital","robots":{"index":"index","follow":"follow","max-snippet":"max-snippet:-1","max-image-preview":"max-image-preview:large","max-video-preview":"max-video-preview:-1"},"canonical":"https:\/\/sapienciadodigital.com.br\/blog\/area-de-membros\/","og_locale":"en_US","og_type":"article","og_title":"\u00c1rea de Membros - Blog Sapiencia do Digital","og_description":"O que \u00e9 nossa \u00c1rea de Membros Exclusiva para alunos e colaboradores Nossa \u00c1rea de Membros \u00e9 um espa\u00e7o dedicado aos nossos alunos onde voc\u00ea ter\u00e1 acesso a diversos materiais e treinamentos ligados ao marketing digital, vendas online, t\u00e9cnicas de estudo, tr\u00e1fego pago e diversos outros assuntos relevantes para torna-lo [&hellip;]","og_url":"https:\/\/sapienciadodigital.com.br\/blog\/area-de-membros\/","og_site_name":"Blog Sapiencia do Digital","article_publisher":"https:\/\/www.facebook.com\/Sapienciadodigital","article_modified_time":"2025-05-23T16:14:25+00:00","og_image":[{"url":"https:\/\/sapienciadodigital.com.br\/blog\/wp-content\/uploads\/2024\/05\/homem-play.png"}],"twitter_card":"summary_large_image","twitter_misc":{"Est. reading time":"2 minutes"},"schema":{"@context":"https:\/\/schema.org","@graph":[{"@type":"WebPage","@id":"https:\/\/sapienciadodigital.com.br\/blog\/area-de-membros\/","url":"https:\/\/sapienciadodigital.com.br\/blog\/area-de-membros\/","name":"\u00c1rea de Membros - Blog Sapiencia do Digital","isPartOf":{"@id":"https:\/\/sapienciadodigital.com.br\/blog\/#website"},"primaryImageOfPage":{"@id":"https:\/\/sapienciadodigital.com.br\/blog\/area-de-membros\/#primaryimage"},"image":{"@id":"https:\/\/sapienciadodigital.com.br\/blog\/area-de-membros\/#primaryimage"},"thumbnailUrl":"https:\/\/sapienciadodigital.com.br\/blog\/wp-content\/uploads\/2024\/05\/homem-play.png","datePublished":"2024-05-22T17:11:13+00:00","dateModified":"2025-05-23T16:14:25+00:00","breadcrumb":{"@id":"https:\/\/sapienciadodigital.com.br\/blog\/area-de-membros\/#breadcrumb"},"inLanguage":"en-US","potentialAction":[{"@type":"ReadAction","target":["https:\/\/sapienciadodigital.com.br\/blog\/area-de-membros\/"]}]},{"@type":"ImageObject","inLanguage":"en-US","@id":"https:\/\/sapienciadodigital.com.br\/blog\/area-de-membros\/#primaryimage","url":"https:\/\/sapienciadodigital.com.br\/blog\/wp-content\/uploads\/2024\/05\/homem-play.png","contentUrl":"https:\/\/sapienciadodigital.com.br\/blog\/wp-content\/uploads\/2024\/05\/homem-play.png","width":685,"height":682},{"@type":"BreadcrumbList","@id":"https:\/\/sapienciadodigital.com.br\/blog\/area-de-membros\/#breadcrumb","itemListElement":[{"@type":"ListItem","position":1,"name":"In\u00edcio","item":"https:\/\/sapienciadodigital.com.br\/blog\/"},{"@type":"ListItem","position":2,"name":"\u00c1rea de Membros"}]},{"@type":"WebSite","@id":"https:\/\/sapienciadodigital.com.br\/blog\/#website","url":"https:\/\/sapienciadodigital.com.br\/blog\/","name":"Blog Sapiencia do Digital","description":"Torne-se um mestre do sucesso online e pessoal com nosso blog dedicado a tr\u00eas pilares essenciais do digital: Marketing Digital, Vendas Online e Desenvolvimento Pessoal. Descubra estrat\u00e9gias comprovadas para impulsionar sua presen\u00e7a na web, aumentar suas vendas e aprimorar suas habilidades pessoais. Voc\u00ea vai aprender estrat\u00e9gias de vendas nas redes sociais e sites, otimiza\u00e7\u00e3o de SEO, Copywriting, Branding, tr\u00e1fego pago, t\u00e9cnicas de estudo, e-mail marketing, mercado de afilia\u00e7\u00e3o, e muito mais.Navegue por artigos especializados, dicas pr\u00e1ticas e insights valiosos para alcan\u00e7ar seus objetivos de forma eficaz. Junte-se a n\u00f3s enquanto exploramos o universo do crescimento pessoal e profissional. Seja bem-vindo ao seu guia definitivo para o sucesso digital e pessoal.","publisher":{"@id":"https:\/\/sapienciadodigital.com.br\/blog\/#organization"},"potentialAction":[{"@type":"SearchAction","target":{"@type":"EntryPoint","urlTemplate":"https:\/\/sapienciadodigital.com.br\/blog\/?s={search_term_string}"},"query-input":{"@type":"PropertyValueSpecification","valueRequired":true,"valueName":"search_term_string"}}],"inLanguage":"en-US"},{"@type":"Organization","@id":"https:\/\/sapienciadodigital.com.br\/blog\/#organization","name":"Sapi\u00eancia do Digital","url":"https:\/\/sapienciadodigital.com.br\/blog\/","logo":{"@type":"ImageObject","inLanguage":"en-US","@id":"https:\/\/sapienciadodigital.com.br\/blog\/#\/schema\/logo\/image\/","url":"https:\/\/sapienciadodigital.com.br\/blog\/wp-content\/uploads\/2024\/05\/cropped-Logo-sem-fundo.png","contentUrl":"https:\/\/sapienciadodigital.com.br\/blog\/wp-content\/uploads\/2024\/05\/cropped-Logo-sem-fundo.png","width":306,"height":148,"caption":"Sapi\u00eancia do Digital"},"image":{"@id":"https:\/\/sapienciadodigital.com.br\/blog\/#\/schema\/logo\/image\/"},"sameAs":["https:\/\/www.facebook.com\/Sapienciadodigital","https:\/\/www.instagram.com\/sapienciadodigital\/"]}]}},"_links":{"self":[{"href":"https:\/\/sapienciadodigital.com.br\/blog\/wp-json\/wp\/v2\/pages\/61"}],"collection":[{"href":"https:\/\/sapienciadodigital.com.br\/blog\/wp-json\/wp\/v2\/pages"}],"about":[{"href":"https:\/\/sapienciadodigital.com.br\/blog\/wp-json\/wp\/v2\/types\/page"}],"author":[{"embeddable":true,"href":"https:\/\/sapienciadodigital.com.br\/blog\/wp-json\/wp\/v2\/users\/1"}],"replies":[{"embeddable":true,"href":"https:\/\/sapienciadodigital.com.br\/blog\/wp-json\/wp\/v2\/comments?post=61"}],"version-history":[{"count":69,"href":"https:\/\/sapienciadodigital.com.br\/blog\/wp-json\/wp\/v2\/pages\/61\/revisions"}],"predecessor-version":[{"id":640,"href":"https:\/\/sapienciadodigital.com.br\/blog\/wp-json\/wp\/v2\/pages\/61\/revisions\/640"}],"wp:attachment":[{"href":"https:\/\/sapienciadodigital.com.br\/blog\/wp-json\/wp\/v2\/media?parent=61"}],"curies":[{"name":"wp","href":"https:\/\/api.w.org\/{rel}","templated":true}]}}