{"id":14,"date":"2024-05-21T15:23:04","date_gmt":"2024-05-21T18:23:04","guid":{"rendered":"https:\/\/sapienciadodigital.com.br\/blog\/?page_id=14"},"modified":"2025-05-23T13:20:41","modified_gmt":"2025-05-23T16:20:41","slug":"blog-sapiencia-do-digital","status":"publish","type":"page","link":"https:\/\/sapienciadodigital.com.br\/blog\/","title":{"rendered":"Home"},"content":{"rendered":"","protected":false},"excerpt":{"rendered":"","protected":false},"author":1,"featured_media":0,"parent":0,"menu_order":0,"comment_status":"closed","ping_status":"closed","template":"page-wpsb-main.php","meta":{"footnotes":""},"acf":[],"yoast_head":"<!-- This site is optimized with the Yoast SEO plugin v23.4 - https:\/\/yoast.com\/wordpress\/plugins\/seo\/ -->\n<title>Como se tornar um profissional qualificado no marketing digital<\/title>\n<meta name=\"description\" content=\"Domine os principais pilares para se tornar um profissional altamente qualificado e com resultados no marketing digital.\" \/>\n<meta name=\"robots\" content=\"index, follow, max-snippet:-1, max-image-preview:large, max-video-preview:-1\" \/>\n<link rel=\"canonical\" href=\"https:\/\/sapienciadodigital.com.br\/blog\/\" \/>\n<meta property=\"og:locale\" content=\"en_US\" \/>\n<meta property=\"og:type\" content=\"article\" \/>\n<meta property=\"og:title\" content=\"Como se tornar um profissional qualificado no marketing digital\" \/>\n<meta property=\"og:description\" content=\"Domine os principais pilares para se tornar um profissional altamente qualificado e com resultados no marketing digital.\" \/>\n<meta property=\"og:url\" content=\"https:\/\/sapienciadodigital.com.br\/blog\/\" \/>\n<meta property=\"og:site_name\" content=\"Blog Sapiencia do Digital\" \/>\n<meta property=\"article:publisher\" content=\"https:\/\/www.facebook.com\/Sapienciadodigital\" \/>\n<meta property=\"article:modified_time\" content=\"2025-05-23T16:20:41+00:00\" \/>\n<meta name=\"twitter:card\" content=\"summary_large_image\" \/>\n<script type=\"application\/ld+json\" class=\"yoast-schema-graph\">{\"@context\":\"https:\/\/schema.org\",\"@graph\":[{\"@type\":\"WebPage\",\"@id\":\"https:\/\/sapienciadodigital.com.br\/blog\/\",\"url\":\"https:\/\/sapienciadodigital.com.br\/blog\/\",\"name\":\"Como se tornar um profissional qualificado no marketing digital\",\"isPartOf\":{\"@id\":\"https:\/\/sapienciadodigital.com.br\/blog\/#website\"},\"datePublished\":\"2024-05-21T18:23:04+00:00\",\"dateModified\":\"2025-05-23T16:20:41+00:00\",\"description\":\"Domine os principais pilares para se tornar um profissional altamente qualificado e com resultados no marketing digital.\",\"breadcrumb\":{\"@id\":\"https:\/\/sapienciadodigital.com.br\/blog\/#breadcrumb\"},\"inLanguage\":\"en-US\",\"potentialAction\":[{\"@type\":\"ReadAction\",\"target\":[\"https:\/\/sapienciadodigital.com.br\/blog\/\"]}]},{\"@type\":\"BreadcrumbList\",\"@id\":\"https:\/\/sapienciadodigital.com.br\/blog\/#breadcrumb\",\"itemListElement\":[{\"@type\":\"ListItem\",\"position\":1,\"name\":\"In\u00edcio\",\"item\":\"https:\/\/sapienciadodigital.com.br\/blog\/\"},{\"@type\":\"ListItem\",\"position\":2,\"name\":\"Home\"}]},{\"@type\":\"WebSite\",\"@id\":\"https:\/\/sapienciadodigital.com.br\/blog\/#website\",\"url\":\"https:\/\/sapienciadodigital.com.br\/blog\/\",\"name\":\"Blog Sapiencia do Digital\",\"description\":\"Torne-se um mestre do sucesso online e pessoal com nosso blog dedicado a tr\u00eas pilares essenciais do digital: Marketing Digital, Vendas Online e Desenvolvimento Pessoal. Descubra estrat\u00e9gias comprovadas para impulsionar sua presen\u00e7a na web, aumentar suas vendas e aprimorar suas habilidades pessoais. Voc\u00ea vai aprender estrat\u00e9gias de vendas nas redes sociais e sites, otimiza\u00e7\u00e3o de SEO, Copywriting, Branding, tr\u00e1fego pago, t\u00e9cnicas de estudo, e-mail marketing, mercado de afilia\u00e7\u00e3o, e muito mais.Navegue por artigos especializados, dicas pr\u00e1ticas e insights valiosos para alcan\u00e7ar seus objetivos de forma eficaz. Junte-se a n\u00f3s enquanto exploramos o universo do crescimento pessoal e profissional. Seja bem-vindo ao seu guia definitivo para o sucesso digital e pessoal.\",\"publisher\":{\"@id\":\"https:\/\/sapienciadodigital.com.br\/blog\/#organization\"},\"potentialAction\":[{\"@type\":\"SearchAction\",\"target\":{\"@type\":\"EntryPoint\",\"urlTemplate\":\"https:\/\/sapienciadodigital.com.br\/blog\/?s={search_term_string}\"},\"query-input\":{\"@type\":\"PropertyValueSpecification\",\"valueRequired\":true,\"valueName\":\"search_term_string\"}}],\"inLanguage\":\"en-US\"},{\"@type\":\"Organization\",\"@id\":\"https:\/\/sapienciadodigital.com.br\/blog\/#organization\",\"name\":\"Sapi\u00eancia do Digital\",\"url\":\"https:\/\/sapienciadodigital.com.br\/blog\/\",\"logo\":{\"@type\":\"ImageObject\",\"inLanguage\":\"en-US\",\"@id\":\"https:\/\/sapienciadodigital.com.br\/blog\/#\/schema\/logo\/image\/\",\"url\":\"https:\/\/sapienciadodigital.com.br\/blog\/wp-content\/uploads\/2024\/05\/cropped-Logo-sem-fundo.png\",\"contentUrl\":\"https:\/\/sapienciadodigital.com.br\/blog\/wp-content\/uploads\/2024\/05\/cropped-Logo-sem-fundo.png\",\"width\":306,\"height\":148,\"caption\":\"Sapi\u00eancia do Digital\"},\"image\":{\"@id\":\"https:\/\/sapienciadodigital.com.br\/blog\/#\/schema\/logo\/image\/\"},\"sameAs\":[\"https:\/\/www.facebook.com\/Sapienciadodigital\",\"https:\/\/www.instagram.com\/sapienciadodigital\/\"]}]}<\/script>\n<!-- \/ Yoast SEO plugin. -->","yoast_head_json":{"title":"Como se tornar um profissional qualificado no marketing digital","description":"Domine os principais pilares para se tornar um profissional altamente qualificado e com resultados no marketing digital.","robots":{"index":"index","follow":"follow","max-snippet":"max-snippet:-1","max-image-preview":"max-image-preview:large","max-video-preview":"max-video-preview:-1"},"canonical":"https:\/\/sapienciadodigital.com.br\/blog\/","og_locale":"en_US","og_type":"article","og_title":"Como se tornar um profissional qualificado no marketing digital","og_description":"Domine os principais pilares para se tornar um profissional altamente qualificado e com resultados no marketing digital.","og_url":"https:\/\/sapienciadodigital.com.br\/blog\/","og_site_name":"Blog Sapiencia do Digital","article_publisher":"https:\/\/www.facebook.com\/Sapienciadodigital","article_modified_time":"2025-05-23T16:20:41+00:00","twitter_card":"summary_large_image","schema":{"@context":"https:\/\/schema.org","@graph":[{"@type":"WebPage","@id":"https:\/\/sapienciadodigital.com.br\/blog\/","url":"https:\/\/sapienciadodigital.com.br\/blog\/","name":"Como se tornar um profissional qualificado no marketing digital","isPartOf":{"@id":"https:\/\/sapienciadodigital.com.br\/blog\/#website"},"datePublished":"2024-05-21T18:23:04+00:00","dateModified":"2025-05-23T16:20:41+00:00","description":"Domine os principais pilares para se tornar um profissional altamente qualificado e com resultados no marketing digital.","breadcrumb":{"@id":"https:\/\/sapienciadodigital.com.br\/blog\/#breadcrumb"},"inLanguage":"en-US","potentialAction":[{"@type":"ReadAction","target":["https:\/\/sapienciadodigital.com.br\/blog\/"]}]},{"@type":"BreadcrumbList","@id":"https:\/\/sapienciadodigital.com.br\/blog\/#breadcrumb","itemListElement":[{"@type":"ListItem","position":1,"name":"In\u00edcio","item":"https:\/\/sapienciadodigital.com.br\/blog\/"},{"@type":"ListItem","position":2,"name":"Home"}]},{"@type":"WebSite","@id":"https:\/\/sapienciadodigital.com.br\/blog\/#website","url":"https:\/\/sapienciadodigital.com.br\/blog\/","name":"Blog Sapiencia do Digital","description":"Torne-se um mestre do sucesso online e pessoal com nosso blog dedicado a tr\u00eas pilares essenciais do digital: Marketing Digital, Vendas Online e Desenvolvimento Pessoal. Descubra estrat\u00e9gias comprovadas para impulsionar sua presen\u00e7a na web, aumentar suas vendas e aprimorar suas habilidades pessoais. Voc\u00ea vai aprender estrat\u00e9gias de vendas nas redes sociais e sites, otimiza\u00e7\u00e3o de SEO, Copywriting, Branding, tr\u00e1fego pago, t\u00e9cnicas de estudo, e-mail marketing, mercado de afilia\u00e7\u00e3o, e muito mais.Navegue por artigos especializados, dicas pr\u00e1ticas e insights valiosos para alcan\u00e7ar seus objetivos de forma eficaz. Junte-se a n\u00f3s enquanto exploramos o universo do crescimento pessoal e profissional. Seja bem-vindo ao seu guia definitivo para o sucesso digital e pessoal.","publisher":{"@id":"https:\/\/sapienciadodigital.com.br\/blog\/#organization"},"potentialAction":[{"@type":"SearchAction","target":{"@type":"EntryPoint","urlTemplate":"https:\/\/sapienciadodigital.com.br\/blog\/?s={search_term_string}"},"query-input":{"@type":"PropertyValueSpecification","valueRequired":true,"valueName":"search_term_string"}}],"inLanguage":"en-US"},{"@type":"Organization","@id":"https:\/\/sapienciadodigital.com.br\/blog\/#organization","name":"Sapi\u00eancia do Digital","url":"https:\/\/sapienciadodigital.com.br\/blog\/","logo":{"@type":"ImageObject","inLanguage":"en-US","@id":"https:\/\/sapienciadodigital.com.br\/blog\/#\/schema\/logo\/image\/","url":"https:\/\/sapienciadodigital.com.br\/blog\/wp-content\/uploads\/2024\/05\/cropped-Logo-sem-fundo.png","contentUrl":"https:\/\/sapienciadodigital.com.br\/blog\/wp-content\/uploads\/2024\/05\/cropped-Logo-sem-fundo.png","width":306,"height":148,"caption":"Sapi\u00eancia do Digital"},"image":{"@id":"https:\/\/sapienciadodigital.com.br\/blog\/#\/schema\/logo\/image\/"},"sameAs":["https:\/\/www.facebook.com\/Sapienciadodigital","https:\/\/www.instagram.com\/sapienciadodigital\/"]}]}},"_links":{"self":[{"href":"https:\/\/sapienciadodigital.com.br\/blog\/wp-json\/wp\/v2\/pages\/14"}],"collection":[{"href":"https:\/\/sapienciadodigital.com.br\/blog\/wp-json\/wp\/v2\/pages"}],"about":[{"href":"https:\/\/sapienciadodigital.com.br\/blog\/wp-json\/wp\/v2\/types\/page"}],"author":[{"embeddable":true,"href":"https:\/\/sapienciadodigital.com.br\/blog\/wp-json\/wp\/v2\/users\/1"}],"replies":[{"embeddable":true,"href":"https:\/\/sapienciadodigital.com.br\/blog\/wp-json\/wp\/v2\/comments?post=14"}],"version-history":[{"count":3,"href":"https:\/\/sapienciadodigital.com.br\/blog\/wp-json\/wp\/v2\/pages\/14\/revisions"}],"predecessor-version":[{"id":638,"href":"https:\/\/sapienciadodigital.com.br\/blog\/wp-json\/wp\/v2\/pages\/14\/revisions\/638"}],"wp:attachment":[{"href":"https:\/\/sapienciadodigital.com.br\/blog\/wp-json\/wp\/v2\/media?parent=14"}],"curies":[{"name":"wp","href":"https:\/\/api.w.org\/{rel}","templated":true}]}}